{"id":8367,"date":"2024-01-08T21:18:36","date_gmt":"2024-01-08T19:18:36","guid":{"rendered":"https:\/\/visitsoomaa.ee\/?page_id=8367"},"modified":"2025-05-03T19:06:30","modified_gmt":"2025-05-03T17:06:30","slug":"die-fuenfte-jahreszeit","status":"publish","type":"page","link":"https:\/\/www.visitsoomaa.ee\/de\/die-fuenfte-jahreszeit\/","title":{"rendered":"Die \u201eF\u00fcnfte Jahreszeit\u201c"},"content":{"rendered":"\n<div class=\"wp-block-columns is-layout-flex wp-container-core-columns-is-layout-28f84493 wp-block-columns-is-layout-flex\">\n<div class=\"wp-block-column is-layout-flow wp-block-column-is-layout-flow\">\n<p>Jede Jahreszeit hat in Soomaa ihren eigenen Reiz, doch die \u201eF\u00fcnfte Jahreszeit\u201c ist ein ganz besonderes Erlebnis.<\/p>\n\n\n\n<p>Wenn Schmelz- und Regenwasser aus der Sakala-Hochebene hinunterstr\u00f6men, treten die mit einem nur geringen Gef\u00e4lle versehenen Fl\u00fcsse Soomaas \u00fcber die Ufer und \u00fcberfluten gro\u00dfe Fl\u00e4chen. Es entstehen neben gro\u00dfen \u00dcberschwemmungsgebieten oft auch weite Eisfl\u00e4chen. So ergeben sich hervorragende M\u00f6glichkeiten f\u00fcr spannende <strong><a href=\"https:\/\/visitsoomaa.ee\/de\/kanutouren\/\" target=\"_blank\" rel=\"noopener\" title=\"\">Kanu- <\/a><\/strong>und\/oder<strong> <a href=\"https:\/\/visitsoomaa.ee\/de\/tretschlittentouren\/\" target=\"_blank\" rel=\"noopener\" title=\"\">Tretschlitten-Wanderungen<\/a><\/strong>.<\/p>\n\n\n\n<p>Das Hochwasser kann zu jeder Jahreszeit auftreten und h\u00e4lt zwischen wenigen Tagen und mehreren Wochen an. Wer dieses spektakul\u00e4re Naturereignis erleben m\u00f6chte, kann unter <a href=\"http:\/\/www.soomaa.com\">www.soomaa.com<\/a> eine Kanutour \u00fcber Fluss-Auen und durch Auw\u00e4lder buchen.<\/p>\n\n\n\n<p>Die wohl eindrucksvollste Unterkunft w\u00e4hrend dieser Zeit ist das Soomaa-Feriendorf direkt am Fluss Halliste. Doch auch andere Unterk\u00fcnfte wie der P\u00f5nka-Ferienhof bieten besondere Erlebnisse.<\/p>\n\n\n\n<p><\/p>\n<\/div>\n\n\n\n<div class=\"wp-block-column is-vertically-aligned-top is-layout-flow wp-block-column-is-layout-flow\">\n<div class=\"wp-block-group has-global-padding\"><div class=\"wp-block-group__inner-container is-layout-constrained wp-block-group-is-layout-constrained\">\n<figure class=\"wp-block-gallery has-nested-images columns-default is-cropped wp-block-gallery-2 is-layout-flex wp-block-gallery-is-layout-flex\">\n<figure data-wp-context=\"{&quot;imageId&quot;:&quot;69e1d891d3a66&quot;}\" data-wp-interactive=\"core\/image\" data-wp-key=\"69e1d891d3a66\" class=\"wp-block-image size-large wp-lightbox-container\"><img loading=\"lazy\" decoding=\"async\" width=\"1024\" height=\"674\" data-wp-class--hide=\"state.isContentHidden\" data-wp-class--show=\"state.isContentVisible\" data-wp-init=\"callbacks.setButtonStyles\" data-wp-on--click=\"actions.showLightbox\" data-wp-on--load=\"callbacks.setButtonStyles\" data-wp-on-window--resize=\"callbacks.setButtonStyles\" data-id=\"525\" src=\"https:\/\/visitsoomaa.ee\/wp-content\/uploads\/2024\/01\/8592253301_c0a4316ae4_b.jpg\" alt=\"\" class=\"wp-image-525\" srcset=\"https:\/\/www.visitsoomaa.ee\/wp-content\/uploads\/2024\/01\/8592253301_c0a4316ae4_b.jpg 1024w, https:\/\/www.visitsoomaa.ee\/wp-content\/uploads\/2024\/01\/8592253301_c0a4316ae4_b-300x197.jpg 300w, https:\/\/www.visitsoomaa.ee\/wp-content\/uploads\/2024\/01\/8592253301_c0a4316ae4_b-768x506.jpg 768w\" sizes=\"auto, (max-width: 1024px) 100vw, 1024px\" \/><button\n\t\t\tclass=\"lightbox-trigger\"\n\t\t\ttype=\"button\"\n\t\t\taria-haspopup=\"dialog\"\n\t\t\taria-label=\"Vergr\u00f6\u00dfern\"\n\t\t\tdata-wp-init=\"callbacks.initTriggerButton\"\n\t\t\tdata-wp-on--click=\"actions.showLightbox\"\n\t\t\tdata-wp-style--right=\"state.imageButtonRight\"\n\t\t\tdata-wp-style--top=\"state.imageButtonTop\"\n\t\t>\n\t\t\t<svg xmlns=\"http:\/\/www.w3.org\/2000\/svg\" width=\"12\" height=\"12\" fill=\"none\" viewBox=\"0 0 12 12\">\n\t\t\t\t<path fill=\"#fff\" d=\"M2 0a2 2 0 0 0-2 2v2h1.5V2a.5.5 0 0 1 .5-.5h2V0H2Zm2 10.5H2a.5.5 0 0 1-.5-.5V8H0v2a2 2 0 0 0 2 2h2v-1.5ZM8 12v-1.5h2a.5.5 0 0 0 .5-.5V8H12v2a2 2 0 0 1-2 2H8Zm2-12a2 2 0 0 1 2 2v2h-1.5V2a.5.5 0 0 0-.5-.5H8V0h2Z\" \/>\n\t\t\t<\/svg>\n\t\t<\/button><\/figure>\n\n\n\n<figure data-wp-context=\"{&quot;imageId&quot;:&quot;69e1d891d3e2b&quot;}\" data-wp-interactive=\"core\/image\" data-wp-key=\"69e1d891d3e2b\" class=\"wp-block-image size-large wp-lightbox-container\"><img loading=\"lazy\" decoding=\"async\" width=\"310\" height=\"163\" data-wp-class--hide=\"state.isContentHidden\" data-wp-class--show=\"state.isContentVisible\" data-wp-init=\"callbacks.setButtonStyles\" data-wp-on--click=\"actions.showLightbox\" data-wp-on--load=\"callbacks.setButtonStyles\" data-wp-on-window--resize=\"callbacks.setButtonStyles\" data-id=\"524\" src=\"https:\/\/visitsoomaa.ee\/wp-content\/uploads\/2024\/01\/download-4.jpg\" alt=\"\" class=\"wp-image-524\" srcset=\"https:\/\/www.visitsoomaa.ee\/wp-content\/uploads\/2024\/01\/download-4.jpg 310w, https:\/\/www.visitsoomaa.ee\/wp-content\/uploads\/2024\/01\/download-4-300x158.jpg 300w\" sizes=\"auto, (max-width: 310px) 100vw, 310px\" \/><button\n\t\t\tclass=\"lightbox-trigger\"\n\t\t\ttype=\"button\"\n\t\t\taria-haspopup=\"dialog\"\n\t\t\taria-label=\"Vergr\u00f6\u00dfern\"\n\t\t\tdata-wp-init=\"callbacks.initTriggerButton\"\n\t\t\tdata-wp-on--click=\"actions.showLightbox\"\n\t\t\tdata-wp-style--right=\"state.imageButtonRight\"\n\t\t\tdata-wp-style--top=\"state.imageButtonTop\"\n\t\t>\n\t\t\t<svg xmlns=\"http:\/\/www.w3.org\/2000\/svg\" width=\"12\" height=\"12\" fill=\"none\" viewBox=\"0 0 12 12\">\n\t\t\t\t<path fill=\"#fff\" d=\"M2 0a2 2 0 0 0-2 2v2h1.5V2a.5.5 0 0 1 .5-.5h2V0H2Zm2 10.5H2a.5.5 0 0 1-.5-.5V8H0v2a2 2 0 0 0 2 2h2v-1.5ZM8 12v-1.5h2a.5.5 0 0 0 .5-.5V8H12v2a2 2 0 0 1-2 2H8Zm2-12a2 2 0 0 1 2 2v2h-1.5V2a.5.5 0 0 0-.5-.5H8V0h2Z\" \/>\n\t\t\t<\/svg>\n\t\t<\/button><\/figure>\n\n\n\n<figure data-wp-context=\"{&quot;imageId&quot;:&quot;69e1d891d4182&quot;}\" data-wp-interactive=\"core\/image\" data-wp-key=\"69e1d891d4182\" class=\"wp-block-image size-large wp-lightbox-container\"><img loading=\"lazy\" decoding=\"async\" width=\"950\" height=\"633\" data-wp-class--hide=\"state.isContentHidden\" data-wp-class--show=\"state.isContentVisible\" data-wp-init=\"callbacks.setButtonStyles\" data-wp-on--click=\"actions.showLightbox\" data-wp-on--load=\"callbacks.setButtonStyles\" data-wp-on-window--resize=\"callbacks.setButtonStyles\" data-id=\"526\" src=\"https:\/\/visitsoomaa.ee\/wp-content\/uploads\/2024\/01\/538997_10150774196576745_598636744_11815561_982434191_n1.jpg\" alt=\"\" class=\"wp-image-526\" srcset=\"https:\/\/www.visitsoomaa.ee\/wp-content\/uploads\/2024\/01\/538997_10150774196576745_598636744_11815561_982434191_n1.jpg 950w, https:\/\/www.visitsoomaa.ee\/wp-content\/uploads\/2024\/01\/538997_10150774196576745_598636744_11815561_982434191_n1-300x200.jpg 300w, https:\/\/www.visitsoomaa.ee\/wp-content\/uploads\/2024\/01\/538997_10150774196576745_598636744_11815561_982434191_n1-768x512.jpg 768w\" sizes=\"auto, (max-width: 950px) 100vw, 950px\" \/><button\n\t\t\tclass=\"lightbox-trigger\"\n\t\t\ttype=\"button\"\n\t\t\taria-haspopup=\"dialog\"\n\t\t\taria-label=\"Vergr\u00f6\u00dfern\"\n\t\t\tdata-wp-init=\"callbacks.initTriggerButton\"\n\t\t\tdata-wp-on--click=\"actions.showLightbox\"\n\t\t\tdata-wp-style--right=\"state.imageButtonRight\"\n\t\t\tdata-wp-style--top=\"state.imageButtonTop\"\n\t\t>\n\t\t\t<svg xmlns=\"http:\/\/www.w3.org\/2000\/svg\" width=\"12\" height=\"12\" fill=\"none\" viewBox=\"0 0 12 12\">\n\t\t\t\t<path fill=\"#fff\" d=\"M2 0a2 2 0 0 0-2 2v2h1.5V2a.5.5 0 0 1 .5-.5h2V0H2Zm2 10.5H2a.5.5 0 0 1-.5-.5V8H0v2a2 2 0 0 0 2 2h2v-1.5ZM8 12v-1.5h2a.5.5 0 0 0 .5-.5V8H12v2a2 2 0 0 1-2 2H8Zm2-12a2 2 0 0 1 2 2v2h-1.5V2a.5.5 0 0 0-.5-.5H8V0h2Z\" \/>\n\t\t\t<\/svg>\n\t\t<\/button><\/figure>\n\n\n\n<figure data-wp-context=\"{&quot;imageId&quot;:&quot;69e1d891d44c7&quot;}\" data-wp-interactive=\"core\/image\" data-wp-key=\"69e1d891d44c7\" class=\"wp-block-image size-large wp-lightbox-container\"><img loading=\"lazy\" decoding=\"async\" width=\"960\" height=\"720\" data-wp-class--hide=\"state.isContentHidden\" data-wp-class--show=\"state.isContentVisible\" data-wp-init=\"callbacks.setButtonStyles\" data-wp-on--click=\"actions.showLightbox\" data-wp-on--load=\"callbacks.setButtonStyles\" data-wp-on-window--resize=\"callbacks.setButtonStyles\" data-id=\"528\" src=\"https:\/\/visitsoomaa.ee\/wp-content\/uploads\/2024\/01\/548965_10151551047084875_193059786_n.jpg\" alt=\"\" class=\"wp-image-528\" srcset=\"https:\/\/www.visitsoomaa.ee\/wp-content\/uploads\/2024\/01\/548965_10151551047084875_193059786_n.jpg 960w, https:\/\/www.visitsoomaa.ee\/wp-content\/uploads\/2024\/01\/548965_10151551047084875_193059786_n-300x225.jpg 300w, https:\/\/www.visitsoomaa.ee\/wp-content\/uploads\/2024\/01\/548965_10151551047084875_193059786_n-768x576.jpg 768w\" sizes=\"auto, (max-width: 960px) 100vw, 960px\" \/><button\n\t\t\tclass=\"lightbox-trigger\"\n\t\t\ttype=\"button\"\n\t\t\taria-haspopup=\"dialog\"\n\t\t\taria-label=\"Vergr\u00f6\u00dfern\"\n\t\t\tdata-wp-init=\"callbacks.initTriggerButton\"\n\t\t\tdata-wp-on--click=\"actions.showLightbox\"\n\t\t\tdata-wp-style--right=\"state.imageButtonRight\"\n\t\t\tdata-wp-style--top=\"state.imageButtonTop\"\n\t\t>\n\t\t\t<svg xmlns=\"http:\/\/www.w3.org\/2000\/svg\" width=\"12\" height=\"12\" fill=\"none\" viewBox=\"0 0 12 12\">\n\t\t\t\t<path fill=\"#fff\" d=\"M2 0a2 2 0 0 0-2 2v2h1.5V2a.5.5 0 0 1 .5-.5h2V0H2Zm2 10.5H2a.5.5 0 0 1-.5-.5V8H0v2a2 2 0 0 0 2 2h2v-1.5ZM8 12v-1.5h2a.5.5 0 0 0 .5-.5V8H12v2a2 2 0 0 1-2 2H8Zm2-12a2 2 0 0 1 2 2v2h-1.5V2a.5.5 0 0 0-.5-.5H8V0h2Z\" \/>\n\t\t\t<\/svg>\n\t\t<\/button><\/figure>\n\n\n\n<figure data-wp-context=\"{&quot;imageId&quot;:&quot;69e1d891d47f5&quot;}\" data-wp-interactive=\"core\/image\" data-wp-key=\"69e1d891d47f5\" class=\"wp-block-image size-large wp-lightbox-container\"><img loading=\"lazy\" decoding=\"async\" width=\"995\" height=\"668\" data-wp-class--hide=\"state.isContentHidden\" data-wp-class--show=\"state.isContentVisible\" data-wp-init=\"callbacks.setButtonStyles\" data-wp-on--click=\"actions.showLightbox\" data-wp-on--load=\"callbacks.setButtonStyles\" data-wp-on-window--resize=\"callbacks.setButtonStyles\" data-id=\"527\" src=\"https:\/\/visitsoomaa.ee\/wp-content\/uploads\/2024\/01\/soomaa_RS1903220244.jpg\" alt=\"\" class=\"wp-image-527\" srcset=\"https:\/\/www.visitsoomaa.ee\/wp-content\/uploads\/2024\/01\/soomaa_RS1903220244.jpg 995w, https:\/\/www.visitsoomaa.ee\/wp-content\/uploads\/2024\/01\/soomaa_RS1903220244-300x201.jpg 300w, https:\/\/www.visitsoomaa.ee\/wp-content\/uploads\/2024\/01\/soomaa_RS1903220244-768x516.jpg 768w\" sizes=\"auto, (max-width: 995px) 100vw, 995px\" \/><button\n\t\t\tclass=\"lightbox-trigger\"\n\t\t\ttype=\"button\"\n\t\t\taria-haspopup=\"dialog\"\n\t\t\taria-label=\"Vergr\u00f6\u00dfern\"\n\t\t\tdata-wp-init=\"callbacks.initTriggerButton\"\n\t\t\tdata-wp-on--click=\"actions.showLightbox\"\n\t\t\tdata-wp-style--right=\"state.imageButtonRight\"\n\t\t\tdata-wp-style--top=\"state.imageButtonTop\"\n\t\t>\n\t\t\t<svg xmlns=\"http:\/\/www.w3.org\/2000\/svg\" width=\"12\" height=\"12\" fill=\"none\" viewBox=\"0 0 12 12\">\n\t\t\t\t<path fill=\"#fff\" d=\"M2 0a2 2 0 0 0-2 2v2h1.5V2a.5.5 0 0 1 .5-.5h2V0H2Zm2 10.5H2a.5.5 0 0 1-.5-.5V8H0v2a2 2 0 0 0 2 2h2v-1.5ZM8 12v-1.5h2a.5.5 0 0 0 .5-.5V8H12v2a2 2 0 0 1-2 2H8Zm2-12a2 2 0 0 1 2 2v2h-1.5V2a.5.5 0 0 0-.5-.5H8V0h2Z\" \/>\n\t\t\t<\/svg>\n\t\t<\/button><\/figure>\n<\/figure>\n<\/div><\/div>\n<\/div>\n<\/div>\n","protected":false},"excerpt":{"rendered":"<p>Jede Jahreszeit hat in Soomaa ihren eigenen Reiz, doch die \u201eF\u00fcnfte Jahreszeit\u201c ist ein ganz besonderes Erlebnis. Wenn Schmelz- und Regenwasser aus der Sakala-Hochebene hinunterstr\u00f6men, treten die mit einem nur geringen Gef\u00e4lle versehenen Fl\u00fcsse Soomaas \u00fcber die Ufer und \u00fcberfluten gro\u00dfe Fl\u00e4chen. Es entstehen neben gro\u00dfen \u00dcberschwemmungsgebieten oft auch weite Eisfl\u00e4chen. So ergeben sich hervorragende [&hellip;]<\/p>\n","protected":false},"author":1,"featured_media":0,"parent":0,"menu_order":0,"comment_status":"closed","ping_status":"closed","template":"","meta":{"_acf_changed":false,"om_disable_all_campaigns":false,"_monsterinsights_skip_tracking":false,"_monsterinsights_sitenote_active":false,"_monsterinsights_sitenote_note":"","_monsterinsights_sitenote_category":0,"footnotes":""},"class_list":["post-8367","page","type-page","status-publish","hentry"],"acf":[],"aioseo_notices":[],"_links":{"self":[{"href":"https:\/\/www.visitsoomaa.ee\/de\/wp-json\/wp\/v2\/pages\/8367","targetHints":{"allow":["GET"]}}],"collection":[{"href":"https:\/\/www.visitsoomaa.ee\/de\/wp-json\/wp\/v2\/pages"}],"about":[{"href":"https:\/\/www.visitsoomaa.ee\/de\/wp-json\/wp\/v2\/types\/page"}],"author":[{"embeddable":true,"href":"https:\/\/www.visitsoomaa.ee\/de\/wp-json\/wp\/v2\/users\/1"}],"replies":[{"embeddable":true,"href":"https:\/\/www.visitsoomaa.ee\/de\/wp-json\/wp\/v2\/comments?post=8367"}],"version-history":[{"count":3,"href":"https:\/\/www.visitsoomaa.ee\/de\/wp-json\/wp\/v2\/pages\/8367\/revisions"}],"predecessor-version":[{"id":8792,"href":"https:\/\/www.visitsoomaa.ee\/de\/wp-json\/wp\/v2\/pages\/8367\/revisions\/8792"}],"wp:attachment":[{"href":"https:\/\/www.visitsoomaa.ee\/de\/wp-json\/wp\/v2\/media?parent=8367"}],"curies":[{"name":"wp","href":"https:\/\/api.w.org\/{rel}","templated":true}]}}