{"id":8449,"date":"2024-01-08T21:17:41","date_gmt":"2024-01-08T19:17:41","guid":{"rendered":"https:\/\/visitsoomaa.ee\/?page_id=8449"},"modified":"2025-02-27T14:06:38","modified_gmt":"2025-02-27T12:06:38","slug":"winter","status":"publish","type":"page","link":"https:\/\/www.visitsoomaa.ee\/de\/winter\/","title":{"rendered":"Winter"},"content":{"rendered":"\n<div class=\"wp-block-columns is-layout-flex wp-container-core-columns-is-layout-28f84493 wp-block-columns-is-layout-flex\">\n<div class=\"wp-block-column is-layout-flow wp-block-column-is-layout-flow\">\n<h3 class=\"wp-block-heading\">Was kann man im Winter in Soomaa unternehmen?<\/h3>\n\n\n\n<p>Wenn die Fl\u00fcsse und Wiesen von Soomaa gefrieren, verwandelt sich die Landschaft in ein Winterparadies f\u00fcr Schlittschuh- und Skilangl\u00e4ufer sowie<strong> <u>Tretschlittenfahrer<\/u><\/strong>. Wer die estnische Natur einmal aus einer ganz anderen Perspektive erleben m\u00f6chte, sollte unbedingt in der kalten Jahreszeit nach Soomaa kommen.<\/p>\n\n\n\n<p>Was im Winter nat\u00fcrlich nicht fehlen darf: eine <strong><u>hei\u00dfe Sauna<\/u><\/strong> und <strong><u>gutes Essen<\/u><\/strong>. Auch wenn die Tage k\u00fcrzer sind, bleibt noch genug Zeit f\u00fcr <strong><u>Museumsbesuche<\/u> <\/strong>oder <strong>Workshops<\/strong>.<\/p>\n\n\n\n<p>Auch die Alpakas in Soomaa lassen sich vom Winter nicht beeindrucken \u2013 auf der Alpakafarm kann man sie das ganze Jahr \u00fcber besuchen.<\/p>\n<\/div>\n\n\n\n<div class=\"wp-block-column is-layout-flow wp-block-column-is-layout-flow\">\n<figure class=\"wp-block-gallery has-nested-images columns-default is-cropped wp-block-gallery-2 is-layout-flex wp-block-gallery-is-layout-flex\">\n<figure class=\"wp-block-image size-large\"><img loading=\"lazy\" decoding=\"async\" width=\"1024\" height=\"498\" data-id=\"563\" src=\"https:\/\/visitsoomaa.ee\/wp-content\/uploads\/2024\/01\/1669295841-6004-1024x498.jpg\" alt=\"\" class=\"wp-image-563\" srcset=\"https:\/\/visitsoomaa.ee\/wp-content\/uploads\/2024\/01\/1669295841-6004-1024x498.jpg 1024w, https:\/\/visitsoomaa.ee\/wp-content\/uploads\/2024\/01\/1669295841-6004-300x146.jpg 300w, https:\/\/visitsoomaa.ee\/wp-content\/uploads\/2024\/01\/1669295841-6004-768x373.jpg 768w, https:\/\/visitsoomaa.ee\/wp-content\/uploads\/2024\/01\/1669295841-6004-1536x746.jpg 1536w, https:\/\/visitsoomaa.ee\/wp-content\/uploads\/2024\/01\/1669295841-6004.jpg 1920w\" sizes=\"auto, (max-width: 1024px) 100vw, 1024px\" \/><\/figure>\n\n\n\n<figure class=\"wp-block-image size-large\"><img loading=\"lazy\" decoding=\"async\" width=\"1024\" height=\"768\" data-id=\"562\" src=\"https:\/\/visitsoomaa.ee\/wp-content\/uploads\/2024\/01\/1_-1_false_false_6451c357326a88e351be1e804acb70b3-1-1024x768.jpg\" alt=\"\" class=\"wp-image-562\" srcset=\"https:\/\/visitsoomaa.ee\/wp-content\/uploads\/2024\/01\/1_-1_false_false_6451c357326a88e351be1e804acb70b3-1-1024x768.jpg 1024w, https:\/\/visitsoomaa.ee\/wp-content\/uploads\/2024\/01\/1_-1_false_false_6451c357326a88e351be1e804acb70b3-1-300x225.jpg 300w, https:\/\/visitsoomaa.ee\/wp-content\/uploads\/2024\/01\/1_-1_false_false_6451c357326a88e351be1e804acb70b3-1-768x576.jpg 768w, https:\/\/visitsoomaa.ee\/wp-content\/uploads\/2024\/01\/1_-1_false_false_6451c357326a88e351be1e804acb70b3-1-1536x1152.jpg 1536w, https:\/\/visitsoomaa.ee\/wp-content\/uploads\/2024\/01\/1_-1_false_false_6451c357326a88e351be1e804acb70b3-1.jpg 1920w\" sizes=\"auto, (max-width: 1024px) 100vw, 1024px\" \/><\/figure>\n\n\n\n<figure class=\"wp-block-image size-large\"><img loading=\"lazy\" decoding=\"async\" width=\"275\" height=\"184\" data-id=\"561\" src=\"https:\/\/visitsoomaa.ee\/wp-content\/uploads\/2024\/01\/download-8.jpg\" alt=\"\" class=\"wp-image-561\"\/><\/figure>\n\n\n\n<figure class=\"wp-block-image size-large\"><img loading=\"lazy\" decoding=\"async\" width=\"1024\" height=\"575\" data-id=\"560\" src=\"https:\/\/visitsoomaa.ee\/wp-content\/uploads\/2024\/01\/05032022DJI_0603.webp\" alt=\"\" class=\"wp-image-560\" srcset=\"https:\/\/visitsoomaa.ee\/wp-content\/uploads\/2024\/01\/05032022DJI_0603.webp 1024w, https:\/\/visitsoomaa.ee\/wp-content\/uploads\/2024\/01\/05032022DJI_0603-300x168.webp 300w, https:\/\/visitsoomaa.ee\/wp-content\/uploads\/2024\/01\/05032022DJI_0603-768x431.webp 768w\" sizes=\"auto, (max-width: 1024px) 100vw, 1024px\" \/><\/figure>\n<\/figure>\n<\/div>\n<\/div>\n","protected":false},"excerpt":{"rendered":"<p>Was kann man im Winter in Soomaa unternehmen? Wenn die Fl\u00fcsse und Wiesen von Soomaa gefrieren, verwandelt sich die Landschaft in ein Winterparadies f\u00fcr Schlittschuh- und Skilangl\u00e4ufer sowie Tretschlittenfahrer. Wer die estnische Natur einmal aus einer ganz anderen Perspektive erleben m\u00f6chte, sollte unbedingt in der kalten Jahreszeit nach Soomaa kommen. Was im Winter nat\u00fcrlich nicht [&hellip;]<\/p>\n","protected":false},"author":1,"featured_media":0,"parent":0,"menu_order":0,"comment_status":"closed","ping_status":"closed","template":"","meta":{"_acf_changed":false,"om_disable_all_campaigns":false,"_monsterinsights_skip_tracking":false,"_monsterinsights_sitenote_active":false,"_monsterinsights_sitenote_note":"","_monsterinsights_sitenote_category":0,"footnotes":""},"class_list":["post-8449","page","type-page","status-publish","hentry"],"acf":[],"aioseo_notices":[],"_links":{"self":[{"href":"https:\/\/www.visitsoomaa.ee\/de\/wp-json\/wp\/v2\/pages\/8449","targetHints":{"allow":["GET"]}}],"collection":[{"href":"https:\/\/www.visitsoomaa.ee\/de\/wp-json\/wp\/v2\/pages"}],"about":[{"href":"https:\/\/www.visitsoomaa.ee\/de\/wp-json\/wp\/v2\/types\/page"}],"author":[{"embeddable":true,"href":"https:\/\/www.visitsoomaa.ee\/de\/wp-json\/wp\/v2\/users\/1"}],"replies":[{"embeddable":true,"href":"https:\/\/www.visitsoomaa.ee\/de\/wp-json\/wp\/v2\/comments?post=8449"}],"version-history":[{"count":1,"href":"https:\/\/www.visitsoomaa.ee\/de\/wp-json\/wp\/v2\/pages\/8449\/revisions"}],"predecessor-version":[{"id":8451,"href":"https:\/\/www.visitsoomaa.ee\/de\/wp-json\/wp\/v2\/pages\/8449\/revisions\/8451"}],"wp:attachment":[{"href":"https:\/\/www.visitsoomaa.ee\/de\/wp-json\/wp\/v2\/media?parent=8449"}],"curies":[{"name":"wp","href":"https:\/\/api.w.org\/{rel}","templated":true}]}}