{"id":4596,"date":"2024-01-08T21:17:57","date_gmt":"2024-01-08T19:17:57","guid":{"rendered":"https:\/\/visitsoomaa.ee\/?page_id=4596"},"modified":"2024-02-08T00:49:18","modified_gmt":"2024-02-07T22:49:18","slug":"summer","status":"publish","type":"page","link":"https:\/\/www.visitsoomaa.ee\/en\/summer\/","title":{"rendered":"Summer"},"content":{"rendered":"\n<div class=\"wp-block-columns is-layout-flex wp-container-core-columns-is-layout-28f84493 wp-block-columns-is-layout-flex\">\n<div class=\"wp-block-column is-layout-flow wp-block-column-is-layout-flow\">\n<h3 class=\"wp-block-heading\">Things to do in the summer<\/h3>\n\n\n\n<p>In summer, the water level in the rivers of Soomaa lowers considerably, turning these gently flowing waters into an ideal setting for SUP enthusiasts.<\/p>\n\n\n\n<p>After Midsummer Day the ban on snowshoes ends and hikers can once again experience the bog landscapes of Soomaa on bogshoes. Of course, swimming in the bog pools is also very popular in summer. Besides feeling pleasant , it is said to have rejuvenating effect.<\/p>\n\n\n\n<p>On a beautiful summer day, you'd want to spend every moment outdoors. At J\u00f5esuu Village Caf\u00e9, you can enjoy a summer lunch or dinner on the terrace with a beautiful view of P\u00e4rnu River and the suspension bridge.<\/p>\n\n\n\n<p>Naturally, summer is the best time for weddings, reunions and other social events. Junsi Holiday Center, <a href=\"https:\/\/klaaramanni.ee\/en\/\" target=\"_blank\" rel=\"noopener\" title=\"\">Klaara-Manni Leisure and Seminar Center<\/a> and <a href=\"https:\/\/ponkaland.com\/\" target=\"_blank\" rel=\"noopener\" title=\"\">P\u00f5nka Guesthouse<\/a> are excellent venues for such events in Soomaa.<\/p>\n\n\n\n<p>Summer is also the most beautiful time to visit the open farms of Soomaa, for example <a href=\"https:\/\/www.piesta.ee\/en\/\" target=\"_blank\" rel=\"noopener\" title=\"\">Piesta Kuusikaru Farm.<\/a><\/p>\n\n\n\n<p><\/p>\n\n\n\n<p><\/p>\n<\/div>\n\n\n\n<div class=\"wp-block-column is-layout-flow wp-block-column-is-layout-flow\">\n<figure class=\"wp-block-gallery has-nested-images columns-default is-cropped wp-block-gallery-2 is-layout-flex wp-block-gallery-is-layout-flex\">\n<figure class=\"wp-block-image size-full\"><img decoding=\"async\" data-id=\"1651\" src=\"https:\/\/static.visitestonia.com\/images\/1467664\/-1_-1_false_false_a71d39df7b35a30dbcf708f87c9f271f.jpg\" alt=\"P\u00f5nka Puhketalu Soomaal\" class=\"wp-image-1651\"\/><\/figure>\n\n\n\n<figure class=\"wp-block-image size-large\"><img loading=\"lazy\" decoding=\"async\" width=\"1024\" height=\"680\" data-id=\"4053\" src=\"https:\/\/visitsoomaa.ee\/wp-content\/uploads\/2024\/02\/Samliku_kanuumatkad_Indrek_Bachman-1024x680.jpg\" alt=\"Samliku kanuumatk Soomaal\" class=\"wp-image-4053\" srcset=\"https:\/\/www.visitsoomaa.ee\/wp-content\/uploads\/2024\/02\/Samliku_kanuumatkad_Indrek_Bachman-1024x680.jpg 1024w, https:\/\/www.visitsoomaa.ee\/wp-content\/uploads\/2024\/02\/Samliku_kanuumatkad_Indrek_Bachman-300x199.jpg 300w, https:\/\/www.visitsoomaa.ee\/wp-content\/uploads\/2024\/02\/Samliku_kanuumatkad_Indrek_Bachman-768x510.jpg 768w, https:\/\/www.visitsoomaa.ee\/wp-content\/uploads\/2024\/02\/Samliku_kanuumatkad_Indrek_Bachman.jpg 1275w\" sizes=\"auto, (max-width: 1024px) 100vw, 1024px\" \/><\/figure>\n\n\n\n<figure class=\"wp-block-image size-large\"><img loading=\"lazy\" decoding=\"async\" width=\"600\" height=\"400\" data-id=\"557\" src=\"https:\/\/visitsoomaa.ee\/wp-content\/uploads\/2024\/01\/600_400_false_false_2d323be364afd5f5ecb5eaf6e0fecb66.jpg\" alt=\"\" class=\"wp-image-557\" srcset=\"https:\/\/www.visitsoomaa.ee\/wp-content\/uploads\/2024\/01\/600_400_false_false_2d323be364afd5f5ecb5eaf6e0fecb66.jpg 600w, https:\/\/www.visitsoomaa.ee\/wp-content\/uploads\/2024\/01\/600_400_false_false_2d323be364afd5f5ecb5eaf6e0fecb66-300x200.jpg 300w\" sizes=\"auto, (max-width: 600px) 100vw, 600px\" \/><\/figure>\n\n\n\n<figure class=\"wp-block-image size-full\"><img decoding=\"async\" data-id=\"4019\" src=\"https:\/\/static.visitestonia.com\/images\/4086467\/-1_-1_false_false_9b531672474bf9cd82c002785c88edd1.jpg\" alt=\"Ujumissild Soomaa Puhkek\u00fclas\" class=\"wp-image-4019\"\/><\/figure>\n<\/figure>\n<\/div>\n<\/div>\n\n\n\n<p><\/p>\n","protected":false},"excerpt":{"rendered":"<p>Things to do in the summer In summer, the water level in the rivers of Soomaa lowers considerably, turning these gently flowing waters into an ideal setting for SUP enthusiasts. After Midsummer Day the ban on snowshoes ends and hikers can once again experience the bog landscapes of Soomaa on bogshoes. Of course, swimming in [&hellip;]<\/p>\n","protected":false},"author":1,"featured_media":0,"parent":0,"menu_order":0,"comment_status":"closed","ping_status":"closed","template":"","meta":{"_acf_changed":false,"om_disable_all_campaigns":false,"_monsterinsights_skip_tracking":false,"_monsterinsights_sitenote_active":false,"_monsterinsights_sitenote_note":"","_monsterinsights_sitenote_category":0,"footnotes":""},"class_list":["post-4596","page","type-page","status-publish","hentry"],"acf":[],"aioseo_notices":[],"_links":{"self":[{"href":"https:\/\/www.visitsoomaa.ee\/en\/wp-json\/wp\/v2\/pages\/4596","targetHints":{"allow":["GET"]}}],"collection":[{"href":"https:\/\/www.visitsoomaa.ee\/en\/wp-json\/wp\/v2\/pages"}],"about":[{"href":"https:\/\/www.visitsoomaa.ee\/en\/wp-json\/wp\/v2\/types\/page"}],"author":[{"embeddable":true,"href":"https:\/\/www.visitsoomaa.ee\/en\/wp-json\/wp\/v2\/users\/1"}],"replies":[{"embeddable":true,"href":"https:\/\/www.visitsoomaa.ee\/en\/wp-json\/wp\/v2\/comments?post=4596"}],"version-history":[{"count":5,"href":"https:\/\/www.visitsoomaa.ee\/en\/wp-json\/wp\/v2\/pages\/4596\/revisions"}],"predecessor-version":[{"id":4769,"href":"https:\/\/www.visitsoomaa.ee\/en\/wp-json\/wp\/v2\/pages\/4596\/revisions\/4769"}],"wp:attachment":[{"href":"https:\/\/www.visitsoomaa.ee\/en\/wp-json\/wp\/v2\/media?parent=4596"}],"curies":[{"name":"wp","href":"https:\/\/api.w.org\/{rel}","templated":true}]}}